    {"id":291,"date":"2025-03-27T17:42:21","date_gmt":"2025-03-27T17:42:21","guid":{"rendered":"https:\/\/stepvat.com\/?page_id=291"},"modified":"2025-11-24T18:21:03","modified_gmt":"2025-11-24T18:21:03","slug":"contact","status":"publish","type":"page","link":"https:\/\/stepvat.com\/es\/contact\/","title":{"rendered":"Contacto"},"content":{"rendered":"<p>Gracias por visitarnos <strong>IVA escalonado<\/strong>Tu espacio para obtener asesoramiento financiero inteligente, perspectivas pr\u00e1cticas y estrategias financieras pr\u00e1cticas. Ya sea que busques administrar mejor tus finanzas, comprender los impuestos o explorar ideas de inversi\u00f3n, nos alegra que est\u00e9s aqu\u00ed y nos encantar\u00eda saber de ti.<\/p>\n\n\n\n<h3 class=\"wp-block-heading\">Consultas generales<\/h3>\n\n\n\n<p>\u00bfTienes alguna pregunta sobre StepVat o simplemente quieres contactar con nuestro equipo? Escr\u00edbenos a <strong>contacto@stepvat.com<\/strong><br>Estamos aqu\u00ed para conectarte, aclararte y apoyarte en tu viaje financiero.<\/p>\n\n\n\n<h3 class=\"wp-block-heading\">Contenido y colaboraci\u00f3n<\/h3>\n\n\n\n<p>\u00bfQuieres sugerir un tema, comentar un art\u00edculo o aportar tu experiencia financiera? Cont\u00e1ctanos. <strong>contacto@stepvat.com<\/strong><br>Damos la bienvenida a nuevas perspectivas y nos encanta colaborar con personas apasionadas por hacer que las finanzas sean m\u00e1s accesibles y pr\u00e1cticas.<\/p>\n\n\n\n<h3 class=\"wp-block-heading\">Asistencia t\u00e9cnica<\/h3>\n\n\n\n<p>Si tiene alg\u00fan problema al navegar por StepVat o acceder a nuestro contenido, nuestro equipo de soporte est\u00e1 listo para ayudarle. Env\u00edenos un correo electr\u00f3nico a <strong>contacto@stepvat.com<\/strong><br>Haremos todo lo posible para que todo funcione sin problemas para usted.<\/p>\n\n\n\n<h3 class=\"wp-block-heading\">Siempre conectado<\/h3>\n\n\n\n<p>StepVat es una plataforma digital, creada para mentes curiosas y personas interesadas en las finanzas de todo el mundo. Puede que no tengamos una oficina f\u00edsica, pero siempre estamos en l\u00ednea: escuchando, aprendiendo y creciendo con nuestros lectores.<\/p>\n\n\n\n<p>Gracias de nuevo por formar parte de la comunidad StepVat. Tus comentarios impulsan todo lo que hacemos.<\/p>\n\n\n\n<p>Un cordial saludo,<br><strong>El equipo de StepVat<\/strong><\/p>","protected":false},"excerpt":{"rendered":"<p>Gracias por visitar StepVat, tu espacio para obtener asesoramiento financiero inteligente, perspectivas pr\u00e1cticas y estrategias financieras pr\u00e1cticas. Ya sea que busques administrar mejor tus finanzas, comprender los impuestos o explorar ideas de inversi\u00f3n, nos alegra que est\u00e9s aqu\u00ed y nos encantar\u00eda saber de ti. Consultas generales: \u00bfTienes alguna pregunta sobre StepVat o simplemente quieres obtener m\u00e1s informaci\u00f3n? [\u2026]<\/p>","protected":false},"author":76,"featured_media":0,"parent":0,"menu_order":0,"comment_status":"closed","ping_status":"closed","template":"","meta":{"footnotes":""},"yoast_head":"<!-- This site is optimized with the Yoast SEO plugin v23.3 - https:\/\/yoast.com\/wordpress\/plugins\/seo\/ -->\n<title>Contact - stepvat.com<\/title>\n<meta name=\"robots\" content=\"index, follow, max-snippet:-1, max-image-preview:large, max-video-preview:-1\" \/>\n<link rel=\"canonical\" href=\"https:\/\/stepvat.com\/es\/contact\/\" \/>\n<meta property=\"og:locale\" content=\"es_ES\" \/>\n<meta property=\"og:type\" content=\"article\" \/>\n<meta property=\"og:title\" content=\"Contact - stepvat.com\" \/>\n<meta property=\"og:description\" content=\"Thank you for visiting StepVat, your space for smart financial guidance, practical insights, and real-world money strategies. Whether you&#8217;re looking to better manage your finances, understand taxes, or explore investment ideas, we&#8217;re glad you&#8217;re here \u2014 and we\u2019d love to hear from you. General Inquiries Have a question about StepVat or just want to get [&hellip;]\" \/>\n<meta property=\"og:url\" content=\"https:\/\/stepvat.com\/es\/contact\/\" \/>\n<meta property=\"og:site_name\" content=\"stepvat.com\" \/>\n<meta property=\"article:modified_time\" content=\"2025-11-24T18:21:03+00:00\" \/>\n<meta name=\"twitter:card\" content=\"summary_large_image\" \/>\n<meta name=\"twitter:label1\" content=\"Est. reading time\" \/>\n\t<meta name=\"twitter:data1\" content=\"1 minuto\" \/>\n<script type=\"application\/ld+json\" class=\"yoast-schema-graph\">{\"@context\":\"https:\/\/schema.org\",\"@graph\":[{\"@type\":\"WebPage\",\"@id\":\"http:\/\/stepvat.com\/contact\/\",\"url\":\"http:\/\/stepvat.com\/contact\/\",\"name\":\"Contact - stepvat.com\",\"isPartOf\":{\"@id\":\"https:\/\/stepvat.com\/#website\"},\"datePublished\":\"2025-03-27T17:42:21+00:00\",\"dateModified\":\"2025-11-24T18:21:03+00:00\",\"breadcrumb\":{\"@id\":\"http:\/\/stepvat.com\/contact\/#breadcrumb\"},\"inLanguage\":\"es\",\"potentialAction\":[{\"@type\":\"ReadAction\",\"target\":[\"http:\/\/stepvat.com\/contact\/\"]}]},{\"@type\":\"BreadcrumbList\",\"@id\":\"http:\/\/stepvat.com\/contact\/#breadcrumb\",\"itemListElement\":[{\"@type\":\"ListItem\",\"position\":1,\"name\":\"Home\",\"item\":\"https:\/\/stepvat.com\/\"},{\"@type\":\"ListItem\",\"position\":2,\"name\":\"Contact\"}]},{\"@type\":\"WebSite\",\"@id\":\"https:\/\/stepvat.com\/#website\",\"url\":\"https:\/\/stepvat.com\/\",\"name\":\"stepvat.com\",\"description\":\"\",\"publisher\":{\"@id\":\"https:\/\/stepvat.com\/#organization\"},\"potentialAction\":[{\"@type\":\"SearchAction\",\"target\":{\"@type\":\"EntryPoint\",\"urlTemplate\":\"https:\/\/stepvat.com\/?s={search_term_string}\"},\"query-input\":\"required name=search_term_string\"}],\"inLanguage\":\"es\"},{\"@type\":\"Organization\",\"@id\":\"https:\/\/stepvat.com\/#organization\",\"name\":\"stepvat.com\",\"url\":\"https:\/\/stepvat.com\/\",\"logo\":{\"@type\":\"ImageObject\",\"inLanguage\":\"es\",\"@id\":\"https:\/\/stepvat.com\/#\/schema\/logo\/image\/\",\"url\":\"https:\/\/stepvat.com\/wp-content\/uploads\/sites\/160\/2025\/04\/cropped-cropped-Abstract-Creative-Idea-Brain-Bulb-Logo-1.png\",\"contentUrl\":\"https:\/\/stepvat.com\/wp-content\/uploads\/sites\/160\/2025\/04\/cropped-cropped-Abstract-Creative-Idea-Brain-Bulb-Logo-1.png\",\"width\":512,\"height\":512,\"caption\":\"stepvat.com\"},\"image\":{\"@id\":\"https:\/\/stepvat.com\/#\/schema\/logo\/image\/\"}}]}<\/script>\n<!-- \/ Yoast SEO plugin. -->","yoast_head_json":{"title":"Contact - stepvat.com","robots":{"index":"index","follow":"follow","max-snippet":"max-snippet:-1","max-image-preview":"max-image-preview:large","max-video-preview":"max-video-preview:-1"},"canonical":"https:\/\/stepvat.com\/es\/contact\/","og_locale":"es_ES","og_type":"article","og_title":"Contact - stepvat.com","og_description":"Thank you for visiting StepVat, your space for smart financial guidance, practical insights, and real-world money strategies. Whether you&#8217;re looking to better manage your finances, understand taxes, or explore investment ideas, we&#8217;re glad you&#8217;re here \u2014 and we\u2019d love to hear from you. General Inquiries Have a question about StepVat or just want to get [&hellip;]","og_url":"https:\/\/stepvat.com\/es\/contact\/","og_site_name":"stepvat.com","article_modified_time":"2025-11-24T18:21:03+00:00","twitter_card":"summary_large_image","twitter_misc":{"Est. reading time":"1 minuto"},"schema":{"@context":"https:\/\/schema.org","@graph":[{"@type":"WebPage","@id":"http:\/\/stepvat.com\/contact\/","url":"http:\/\/stepvat.com\/contact\/","name":"Contact - stepvat.com","isPartOf":{"@id":"https:\/\/stepvat.com\/#website"},"datePublished":"2025-03-27T17:42:21+00:00","dateModified":"2025-11-24T18:21:03+00:00","breadcrumb":{"@id":"http:\/\/stepvat.com\/contact\/#breadcrumb"},"inLanguage":"es","potentialAction":[{"@type":"ReadAction","target":["http:\/\/stepvat.com\/contact\/"]}]},{"@type":"BreadcrumbList","@id":"http:\/\/stepvat.com\/contact\/#breadcrumb","itemListElement":[{"@type":"ListItem","position":1,"name":"Home","item":"https:\/\/stepvat.com\/"},{"@type":"ListItem","position":2,"name":"Contact"}]},{"@type":"WebSite","@id":"https:\/\/stepvat.com\/#website","url":"https:\/\/stepvat.com\/","name":"stepvat.com","description":"","publisher":{"@id":"https:\/\/stepvat.com\/#organization"},"potentialAction":[{"@type":"SearchAction","target":{"@type":"EntryPoint","urlTemplate":"https:\/\/stepvat.com\/?s={search_term_string}"},"query-input":"required name=search_term_string"}],"inLanguage":"es"},{"@type":"Organization","@id":"https:\/\/stepvat.com\/#organization","name":"stepvat.com","url":"https:\/\/stepvat.com\/","logo":{"@type":"ImageObject","inLanguage":"es","@id":"https:\/\/stepvat.com\/#\/schema\/logo\/image\/","url":"https:\/\/stepvat.com\/wp-content\/uploads\/sites\/160\/2025\/04\/cropped-cropped-Abstract-Creative-Idea-Brain-Bulb-Logo-1.png","contentUrl":"https:\/\/stepvat.com\/wp-content\/uploads\/sites\/160\/2025\/04\/cropped-cropped-Abstract-Creative-Idea-Brain-Bulb-Logo-1.png","width":512,"height":512,"caption":"stepvat.com"},"image":{"@id":"https:\/\/stepvat.com\/#\/schema\/logo\/image\/"}}]}},"_links":{"self":[{"href":"https:\/\/stepvat.com\/es\/wp-json\/wp\/v2\/pages\/291"}],"collection":[{"href":"https:\/\/stepvat.com\/es\/wp-json\/wp\/v2\/pages"}],"about":[{"href":"https:\/\/stepvat.com\/es\/wp-json\/wp\/v2\/types\/page"}],"author":[{"embeddable":true,"href":"https:\/\/stepvat.com\/es\/wp-json\/wp\/v2\/users\/76"}],"replies":[{"embeddable":true,"href":"https:\/\/stepvat.com\/es\/wp-json\/wp\/v2\/comments?post=291"}],"version-history":[{"count":2,"href":"https:\/\/stepvat.com\/es\/wp-json\/wp\/v2\/pages\/291\/revisions"}],"predecessor-version":[{"id":763,"href":"https:\/\/stepvat.com\/es\/wp-json\/wp\/v2\/pages\/291\/revisions\/763"}],"wp:attachment":[{"href":"https:\/\/stepvat.com\/es\/wp-json\/wp\/v2\/media?parent=291"}],"curies":[{"name":"wp","href":"https:\/\/api.w.org\/{rel}","templated":true}]}}