    {"id":293,"date":"2025-03-27T17:43:24","date_gmt":"2025-03-27T17:43:24","guid":{"rendered":"https:\/\/stepvat.com\/?page_id=293"},"modified":"2025-03-27T17:43:24","modified_gmt":"2025-03-27T17:43:24","slug":"about-us","status":"publish","type":"page","link":"https:\/\/stepvat.com\/es\/about-us\/","title":{"rendered":"Sobre nosotros"},"content":{"rendered":"<p>Bienvenido a <strong>IVA escalonado<\/strong> Tu espacio de confianza para obtener informaci\u00f3n financiera clara, pr\u00e1ctica y empoderadora. Ya sea que est\u00e9s intentando organizar tu presupuesto, descifrar impuestos o dar los primeros pasos para generar riqueza, StepVat est\u00e1 aqu\u00ed para acompa\u00f1arte.<\/p>\n\n\n\n<h3 class=\"wp-block-heading\">\u00bfQu\u00e9 nos motiva?<\/h3>\n\n\n\n<p>En StepVat, creemos que la educaci\u00f3n financiera es la base de la libertad, la estabilidad y el crecimiento. Nos impulsa una misi\u00f3n sencilla: ayudar a las personas a controlar su dinero con claridad y confianza. Mediante contenido accesible, consejos oportunos y perspectivas honestas, buscamos que el mundo de las finanzas sea menos abrumador y m\u00e1s alcanzable.<\/p>\n\n\n\n<h3 class=\"wp-block-heading\">Quienes somos<\/h3>\n\n\n\n<p>StepVat no es solo un sitio web de finanzas: es una comunidad en crecimiento de personas comunes, inversionistas, estudiantes, emprendedores y personas que aprenden constantemente. Nuestro contenido es creado por escritores y profesionales que comprenden tanto el aspecto t\u00e9cnico como el personal del dinero. Nos centramos en lo que realmente funciona en la vida real, no solo en teor\u00edas.<\/p>\n\n\n\n<p>Desde la elaboraci\u00f3n de presupuestos y el ahorro hasta la comprensi\u00f3n de las obligaciones fiscales y la exploraci\u00f3n de inversiones, cubrimos los temas esenciales que lo ayudan a desarrollar h\u00e1bitos m\u00e1s inteligentes y bases financieras m\u00e1s s\u00f3lidas.<\/p>\n\n\n\n<h3 class=\"wp-block-heading\">Complicarse<\/h3>\n\n\n\n<p>Tu experiencia importa. \u00bfTienes un tema que te gustar\u00eda que abord\u00e1ramos? \u00bfQuieres compartir tu historia o perspectiva financiera? Cont\u00e1ctanos: siempre estamos atentos y nos encanta saber de los lectores interesados en construir un mejor futuro financiero.<\/p>\n\n\n\n<p>Demos el siguiente paso: hacia la claridad, la confianza y el control de sus finanzas. Juntos.<\/p>","protected":false},"excerpt":{"rendered":"<p>Bienvenido a StepVat, tu espacio de confianza para obtener informaci\u00f3n financiera clara, pr\u00e1ctica y empoderadora. Ya sea que est\u00e9s intentando organizar tu presupuesto, descifrar impuestos o dar los primeros pasos hacia la creaci\u00f3n de riqueza, StepVat est\u00e1 aqu\u00ed para acompa\u00f1arte. Qu\u00e9 nos motiva: En StepVat, creemos que la educaci\u00f3n financiera es la base de la libertad, la estabilidad y [\u2026]<\/p>","protected":false},"author":76,"featured_media":0,"parent":0,"menu_order":0,"comment_status":"closed","ping_status":"closed","template":"","meta":{"footnotes":""},"yoast_head":"<!-- This site is optimized with the Yoast SEO plugin v23.3 - https:\/\/yoast.com\/wordpress\/plugins\/seo\/ -->\n<title>About Us - stepvat.com<\/title>\n<meta name=\"robots\" content=\"index, follow, max-snippet:-1, max-image-preview:large, max-video-preview:-1\" \/>\n<link rel=\"canonical\" href=\"https:\/\/stepvat.com\/es\/about-us\/\" \/>\n<meta property=\"og:locale\" content=\"es_ES\" \/>\n<meta property=\"og:type\" content=\"article\" \/>\n<meta property=\"og:title\" content=\"About Us - stepvat.com\" \/>\n<meta property=\"og:description\" content=\"Welcome to StepVat \u2013 your trusted space for clear, practical, and empowering financial knowledge. Whether you&#8217;re trying to organize your budget, decode taxes, or take the first steps toward building wealth, StepVat is here to walk alongside you. What drives us At StepVat, we believe that financial education is the foundation for freedom, stability, and [&hellip;]\" \/>\n<meta property=\"og:url\" content=\"https:\/\/stepvat.com\/es\/about-us\/\" \/>\n<meta property=\"og:site_name\" content=\"stepvat.com\" \/>\n<meta name=\"twitter:card\" content=\"summary_large_image\" \/>\n<meta name=\"twitter:label1\" content=\"Est. reading time\" \/>\n\t<meta name=\"twitter:data1\" content=\"1 minuto\" \/>\n<script type=\"application\/ld+json\" class=\"yoast-schema-graph\">{\"@context\":\"https:\/\/schema.org\",\"@graph\":[{\"@type\":\"WebPage\",\"@id\":\"http:\/\/stepvat.com\/about-us\/\",\"url\":\"http:\/\/stepvat.com\/about-us\/\",\"name\":\"About Us - stepvat.com\",\"isPartOf\":{\"@id\":\"https:\/\/stepvat.com\/#website\"},\"datePublished\":\"2025-03-27T17:43:24+00:00\",\"dateModified\":\"2025-03-27T17:43:24+00:00\",\"breadcrumb\":{\"@id\":\"http:\/\/stepvat.com\/about-us\/#breadcrumb\"},\"inLanguage\":\"es\",\"potentialAction\":[{\"@type\":\"ReadAction\",\"target\":[\"http:\/\/stepvat.com\/about-us\/\"]}]},{\"@type\":\"BreadcrumbList\",\"@id\":\"http:\/\/stepvat.com\/about-us\/#breadcrumb\",\"itemListElement\":[{\"@type\":\"ListItem\",\"position\":1,\"name\":\"Home\",\"item\":\"https:\/\/stepvat.com\/\"},{\"@type\":\"ListItem\",\"position\":2,\"name\":\"About Us\"}]},{\"@type\":\"WebSite\",\"@id\":\"https:\/\/stepvat.com\/#website\",\"url\":\"https:\/\/stepvat.com\/\",\"name\":\"stepvat.com\",\"description\":\"\",\"publisher\":{\"@id\":\"https:\/\/stepvat.com\/#organization\"},\"potentialAction\":[{\"@type\":\"SearchAction\",\"target\":{\"@type\":\"EntryPoint\",\"urlTemplate\":\"https:\/\/stepvat.com\/?s={search_term_string}\"},\"query-input\":\"required name=search_term_string\"}],\"inLanguage\":\"es\"},{\"@type\":\"Organization\",\"@id\":\"https:\/\/stepvat.com\/#organization\",\"name\":\"stepvat.com\",\"url\":\"https:\/\/stepvat.com\/\",\"logo\":{\"@type\":\"ImageObject\",\"inLanguage\":\"es\",\"@id\":\"https:\/\/stepvat.com\/#\/schema\/logo\/image\/\",\"url\":\"https:\/\/stepvat.com\/wp-content\/uploads\/sites\/160\/2025\/04\/cropped-cropped-Abstract-Creative-Idea-Brain-Bulb-Logo-1.png\",\"contentUrl\":\"https:\/\/stepvat.com\/wp-content\/uploads\/sites\/160\/2025\/04\/cropped-cropped-Abstract-Creative-Idea-Brain-Bulb-Logo-1.png\",\"width\":512,\"height\":512,\"caption\":\"stepvat.com\"},\"image\":{\"@id\":\"https:\/\/stepvat.com\/#\/schema\/logo\/image\/\"}}]}<\/script>\n<!-- \/ Yoast SEO plugin. -->","yoast_head_json":{"title":"About Us - stepvat.com","robots":{"index":"index","follow":"follow","max-snippet":"max-snippet:-1","max-image-preview":"max-image-preview:large","max-video-preview":"max-video-preview:-1"},"canonical":"https:\/\/stepvat.com\/es\/about-us\/","og_locale":"es_ES","og_type":"article","og_title":"About Us - stepvat.com","og_description":"Welcome to StepVat \u2013 your trusted space for clear, practical, and empowering financial knowledge. Whether you&#8217;re trying to organize your budget, decode taxes, or take the first steps toward building wealth, StepVat is here to walk alongside you. What drives us At StepVat, we believe that financial education is the foundation for freedom, stability, and [&hellip;]","og_url":"https:\/\/stepvat.com\/es\/about-us\/","og_site_name":"stepvat.com","twitter_card":"summary_large_image","twitter_misc":{"Est. reading time":"1 minuto"},"schema":{"@context":"https:\/\/schema.org","@graph":[{"@type":"WebPage","@id":"http:\/\/stepvat.com\/about-us\/","url":"http:\/\/stepvat.com\/about-us\/","name":"About Us - stepvat.com","isPartOf":{"@id":"https:\/\/stepvat.com\/#website"},"datePublished":"2025-03-27T17:43:24+00:00","dateModified":"2025-03-27T17:43:24+00:00","breadcrumb":{"@id":"http:\/\/stepvat.com\/about-us\/#breadcrumb"},"inLanguage":"es","potentialAction":[{"@type":"ReadAction","target":["http:\/\/stepvat.com\/about-us\/"]}]},{"@type":"BreadcrumbList","@id":"http:\/\/stepvat.com\/about-us\/#breadcrumb","itemListElement":[{"@type":"ListItem","position":1,"name":"Home","item":"https:\/\/stepvat.com\/"},{"@type":"ListItem","position":2,"name":"About Us"}]},{"@type":"WebSite","@id":"https:\/\/stepvat.com\/#website","url":"https:\/\/stepvat.com\/","name":"stepvat.com","description":"","publisher":{"@id":"https:\/\/stepvat.com\/#organization"},"potentialAction":[{"@type":"SearchAction","target":{"@type":"EntryPoint","urlTemplate":"https:\/\/stepvat.com\/?s={search_term_string}"},"query-input":"required name=search_term_string"}],"inLanguage":"es"},{"@type":"Organization","@id":"https:\/\/stepvat.com\/#organization","name":"stepvat.com","url":"https:\/\/stepvat.com\/","logo":{"@type":"ImageObject","inLanguage":"es","@id":"https:\/\/stepvat.com\/#\/schema\/logo\/image\/","url":"https:\/\/stepvat.com\/wp-content\/uploads\/sites\/160\/2025\/04\/cropped-cropped-Abstract-Creative-Idea-Brain-Bulb-Logo-1.png","contentUrl":"https:\/\/stepvat.com\/wp-content\/uploads\/sites\/160\/2025\/04\/cropped-cropped-Abstract-Creative-Idea-Brain-Bulb-Logo-1.png","width":512,"height":512,"caption":"stepvat.com"},"image":{"@id":"https:\/\/stepvat.com\/#\/schema\/logo\/image\/"}}]}},"_links":{"self":[{"href":"https:\/\/stepvat.com\/es\/wp-json\/wp\/v2\/pages\/293"}],"collection":[{"href":"https:\/\/stepvat.com\/es\/wp-json\/wp\/v2\/pages"}],"about":[{"href":"https:\/\/stepvat.com\/es\/wp-json\/wp\/v2\/types\/page"}],"author":[{"embeddable":true,"href":"https:\/\/stepvat.com\/es\/wp-json\/wp\/v2\/users\/76"}],"replies":[{"embeddable":true,"href":"https:\/\/stepvat.com\/es\/wp-json\/wp\/v2\/comments?post=293"}],"version-history":[{"count":1,"href":"https:\/\/stepvat.com\/es\/wp-json\/wp\/v2\/pages\/293\/revisions"}],"predecessor-version":[{"id":294,"href":"https:\/\/stepvat.com\/es\/wp-json\/wp\/v2\/pages\/293\/revisions\/294"}],"wp:attachment":[{"href":"https:\/\/stepvat.com\/es\/wp-json\/wp\/v2\/media?parent=293"}],"curies":[{"name":"wp","href":"https:\/\/api.w.org\/{rel}","templated":true}]}}